{"id":1239,"date":"2018-10-04T17:11:40","date_gmt":"2018-10-04T17:11:40","guid":{"rendered":"https:\/\/www.bluerepublic.com\/who-we-are\/"},"modified":"2020-01-31T07:01:22","modified_gmt":"2020-01-31T07:01:22","slug":"qui-nous-sommes","status":"publish","type":"page","link":"https:\/\/www.bluerepublic.com\/fr\/qui-nous-sommes\/","title":{"rendered":"Qui nous sommes"},"content":{"rendered":"\t\t<div data-elementor-type=\"wp-page\" data-elementor-id=\"1239\" class=\"elementor elementor-1239 elementor-76\" data-elementor-settings=\"[]\">\n\t\t\t\t\t\t<div class=\"elementor-inner\">\n\t\t\t\t\t\t\t<div class=\"elementor-section-wrap\">\n\t\t\t\t\t\t\t<section class=\"elementor-section elementor-top-section elementor-element elementor-element-1f988d3a elementor-section-boxed elementor-section-height-default elementor-section-height-default\" data-id=\"1f988d3a\" data-element_type=\"section\">\n\t\t\t\t\t\t<div class=\"elementor-container elementor-column-gap-default\">\n\t\t\t\t\t\t\t<div class=\"elementor-row\">\n\t\t\t\t\t<div class=\"elementor-column elementor-col-100 elementor-top-column elementor-element elementor-element-611b74e6\" data-id=\"611b74e6\" data-element_type=\"column\">\n\t\t\t<div class=\"elementor-column-wrap elementor-element-populated\">\n\t\t\t\t\t\t\t<div class=\"elementor-widget-wrap\">\n\t\t\t\t\t\t<div class=\"elementor-element elementor-element-60a1f1d7 elementor-widget elementor-widget-text-editor\" data-id=\"60a1f1d7\" data-element_type=\"widget\" data-widget_type=\"text-editor.default\">\n\t\t\t\t<div class=\"elementor-widget-container\">\n\t\t\t\t\t<div class=\"elementor-text-editor elementor-clearfix\">&nbsp;\n<p style=\"text-align: center;\"><strong>Nous sommes un groupe d\u2019amis qui aiment les sports nautiques<\/strong><\/p>\n<p style=\"text-align: center;\">Nous avons toujours r\u00eav\u00e9 de faire un site internet dans lequel trouver toutes les informations n\u00e9cessaires pour organiser des activit\u00e9s nautiques,  une r\u00e9ference.<\/p>\n<p style=\"text-align: center;\">Nous avons d\u00e9cid\u00e9 de lancer ce projet parce que l\u2019oc\u00e9an est notre passion et que nous aimons partager de bons moments avec d\u2019autres personnes comme nous.<\/p>\n<p style=\"text-align: center;\">Parfois, nous avons besoin d\u2019aide pour quelque chose ou nous voulons organiser une sortie en voilier mais n\u2019avons pas assez d\u2019\u00e9quipage\u2026<\/p><p style=\"text-align: center;\"> Nous pouvons demander dans les forums ou les groupes Facebook, mais pourquoi ne pas cr\u00e9er un site structur\u00e9 dans lequel nous trouvons tout ce dont nous avons besoin?<\/p>\n<p style=\"text-align: center;\"><strong>C\u2019est comme \u00e7a que cette aventure a commenc\u00e9\u2026<\/strong><\/p><\/div>\n\t\t\t\t<\/div>\n\t\t\t\t<\/div>\n\t\t\t\t\t\t<\/div>\n\t\t\t\t\t<\/div>\n\t\t<\/div>\n\t\t\t\t\t\t\t\t<\/div>\n\t\t\t\t\t<\/div>\n\t\t<\/section>\n\t\t\t\t<section class=\"elementor-section elementor-top-section elementor-element elementor-element-03a3ef7 elementor-section-boxed elementor-section-height-default elementor-section-height-default\" data-id=\"03a3ef7\" data-element_type=\"section\">\n\t\t\t\t\t\t<div class=\"elementor-container elementor-column-gap-default\">\n\t\t\t\t\t\t\t<div class=\"elementor-row\">\n\t\t\t\t\t<div class=\"elementor-column elementor-col-100 elementor-top-column elementor-element elementor-element-7d8c849\" data-id=\"7d8c849\" data-element_type=\"column\">\n\t\t\t<div class=\"elementor-column-wrap elementor-element-populated\">\n\t\t\t\t\t\t\t<div class=\"elementor-widget-wrap\">\n\t\t\t\t\t\t<div class=\"elementor-element elementor-element-4a0ba06 elementor-arrows-position-outside elementor-pagination-position-outside elementor-widget elementor-widget-image-carousel\" data-id=\"4a0ba06\" data-element_type=\"widget\" data-settings=\"{&quot;navigation&quot;:&quot;both&quot;,&quot;autoplay&quot;:&quot;yes&quot;,&quot;pause_on_hover&quot;:&quot;yes&quot;,&quot;pause_on_interaction&quot;:&quot;yes&quot;,&quot;autoplay_speed&quot;:5000,&quot;infinite&quot;:&quot;yes&quot;,&quot;speed&quot;:500}\" data-widget_type=\"image-carousel.default\">\n\t\t\t\t<div class=\"elementor-widget-container\">\n\t\t\t\t\t<div class=\"elementor-image-carousel-wrapper swiper-container\" dir=\"ltr\">\n\t\t\t<div class=\"elementor-image-carousel swiper-wrapper\">\n\t\t\t\t<div class=\"swiper-slide\"><figure class=\"swiper-slide-inner\"><img class=\"swiper-slide-image\" src=\"https:\/\/www.bluerepublic.com\/wp-content\/uploads\/2018\/12\/diving-300x200.jpg\" alt=\"diving\" \/><\/figure><\/div><div class=\"swiper-slide\"><figure class=\"swiper-slide-inner\"><img class=\"swiper-slide-image\" src=\"https:\/\/www.bluerepublic.com\/wp-content\/uploads\/2018\/12\/shutterstock_273884336-1-300x200.jpg\" alt=\"shutterstock_273884336 (1)\" \/><\/figure><\/div><div class=\"swiper-slide\"><figure class=\"swiper-slide-inner\"><img class=\"swiper-slide-image\" src=\"https:\/\/www.bluerepublic.com\/wp-content\/uploads\/2019\/07\/677B7FBE-758C-4BFC-B7F1-C842D492C979-300x202.jpeg\" alt=\"677B7FBE-758C-4BFC-B7F1-C842D492C979\" \/><\/figure><\/div><div class=\"swiper-slide\"><figure class=\"swiper-slide-inner\"><img class=\"swiper-slide-image\" src=\"https:\/\/www.bluerepublic.com\/wp-content\/uploads\/2019\/07\/shutterstock_80561695-300x200.jpg\" alt=\"shutterstock_80561695\" \/><\/figure><\/div>\t\t\t<\/div>\n\t\t\t\t\t\t\t\t\t\t\t\t<div class=\"swiper-pagination\"><\/div>\n\t\t\t\t\t\t\t\t\t\t\t\t\t<div class=\"elementor-swiper-button elementor-swiper-button-prev\">\n\t\t\t\t\t\t<i class=\"eicon-chevron-left\" aria-hidden=\"true\"><\/i>\n\t\t\t\t\t\t<span class=\"elementor-screen-only\">Previous<\/span>\n\t\t\t\t\t<\/div>\n\t\t\t\t\t<div class=\"elementor-swiper-button elementor-swiper-button-next\">\n\t\t\t\t\t\t<i class=\"eicon-chevron-right\" aria-hidden=\"true\"><\/i>\n\t\t\t\t\t\t<span class=\"elementor-screen-only\">Next<\/span>\n\t\t\t\t\t<\/div>\n\t\t\t\t\t\t\t\t\t<\/div>\n\t\t\t\t<\/div>\n\t\t\t\t<\/div>\n\t\t\t\t\t\t<\/div>\n\t\t\t\t\t<\/div>\n\t\t<\/div>\n\t\t\t\t\t\t\t\t<\/div>\n\t\t\t\t\t<\/div>\n\t\t<\/section>\n\t\t\t\t<section class=\"elementor-section elementor-top-section elementor-element elementor-element-89c712e elementor-section-boxed elementor-section-height-default elementor-section-height-default\" data-id=\"89c712e\" data-element_type=\"section\">\n\t\t\t\t\t\t<div class=\"elementor-container elementor-column-gap-default\">\n\t\t\t\t\t\t\t<div class=\"elementor-row\">\n\t\t\t\t\t<div class=\"elementor-column elementor-col-100 elementor-top-column elementor-element elementor-element-9cac3e6\" data-id=\"9cac3e6\" data-element_type=\"column\">\n\t\t\t<div class=\"elementor-column-wrap elementor-element-populated\">\n\t\t\t\t\t\t\t<div class=\"elementor-widget-wrap\">\n\t\t\t\t\t\t<div class=\"elementor-element elementor-element-639ff7f2 elementor-align-center elementor-widget elementor-widget-button\" data-id=\"639ff7f2\" data-element_type=\"widget\" data-widget_type=\"button.default\">\n\t\t\t\t<div class=\"elementor-widget-container\">\n\t\t\t\t\t<div class=\"elementor-button-wrapper\">\n\t\t\t<a href=\"https:\/\/www.bluerepublic.com\/wp-login.php?action=register\" class=\"elementor-button-link elementor-button elementor-size-sm\" role=\"button\">\n\t\t\t\t\t\t<span class=\"elementor-button-content-wrapper\">\n\t\t\t\t\t\t<span class=\"elementor-button-text\">REJOIGNEZ L'AVENTURE<\/span>\n\t\t<\/span>\n\t\t\t\t\t<\/a>\n\t\t<\/div>\n\t\t\t\t<\/div>\n\t\t\t\t<\/div>\n\t\t\t\t\t\t<\/div>\n\t\t\t\t\t<\/div>\n\t\t<\/div>\n\t\t\t\t\t\t\t\t<\/div>\n\t\t\t\t\t<\/div>\n\t\t<\/section>\n\t\t\t\t<section class=\"elementor-section elementor-top-section elementor-element elementor-element-3f000986 elementor-section-boxed elementor-section-height-default elementor-section-height-default\" data-id=\"3f000986\" data-element_type=\"section\">\n\t\t\t\t\t\t<div class=\"elementor-container elementor-column-gap-default\">\n\t\t\t\t\t\t\t<div class=\"elementor-row\">\n\t\t\t\t\t<div class=\"elementor-column elementor-col-100 elementor-top-column elementor-element elementor-element-683749a8\" data-id=\"683749a8\" data-element_type=\"column\">\n\t\t\t<div class=\"elementor-column-wrap elementor-element-populated\">\n\t\t\t\t\t\t\t<div class=\"elementor-widget-wrap\">\n\t\t\t\t\t\t<div class=\"elementor-element elementor-element-50b17d2b elementor-widget elementor-widget-spacer\" data-id=\"50b17d2b\" data-element_type=\"widget\" data-widget_type=\"spacer.default\">\n\t\t\t\t<div class=\"elementor-widget-container\">\n\t\t\t\t\t<div class=\"elementor-spacer\">\n\t\t\t<div class=\"elementor-spacer-inner\"><\/div>\n\t\t<\/div>\n\t\t\t\t<\/div>\n\t\t\t\t<\/div>\n\t\t\t\t\t\t<\/div>\n\t\t\t\t\t<\/div>\n\t\t<\/div>\n\t\t\t\t\t\t\t\t<\/div>\n\t\t\t\t\t<\/div>\n\t\t<\/section>\n\t\t\t\t\t\t<\/div>\n\t\t\t\t\t\t<\/div>\n\t\t\t\t\t<\/div>\n\t\t","protected":false},"excerpt":{"rendered":"<p>&nbsp; Nous sommes un groupe d\u2019amis qui aiment les sports nautiques Nous avons toujours r\u00eav\u00e9 de faire un site internet dans lequel trouver toutes les informations n\u00e9cessaires pour organiser des activit\u00e9s nautiques, une r\u00e9ference. Nous avons d\u00e9cid\u00e9 de lancer ce projet parce que l\u2019oc\u00e9an est notre passion et que nous aimons partager de bons moments [&hellip;]<\/p>\n","protected":false},"author":2,"featured_media":0,"parent":0,"menu_order":0,"comment_status":"closed","ping_status":"closed","template":"","meta":[],"yoast_head":"<!-- This site is optimized with the Yoast SEO plugin v15.6.2 - https:\/\/yoast.com\/wordpress\/plugins\/seo\/ -->\n<meta name=\"robots\" content=\"index, follow, max-snippet:-1, max-image-preview:large, max-video-preview:-1\" \/>\n<link rel=\"canonical\" href=\"https:\/\/www.bluerepublic.com\/fr\/qui-nous-sommes\/\" \/>\n<meta property=\"og:locale\" content=\"fr_FR\" \/>\n<meta property=\"og:type\" content=\"article\" \/>\n<meta property=\"og:title\" content=\"Qui nous sommes - BlueRepublic\" \/>\n<meta property=\"og:description\" content=\"&nbsp; Nous sommes un groupe d\u2019amis qui aiment les sports nautiques Nous avons toujours r\u00eav\u00e9 de faire un site internet dans lequel trouver toutes les informations n\u00e9cessaires pour organiser des activit\u00e9s nautiques, une r\u00e9ference. Nous avons d\u00e9cid\u00e9 de lancer ce projet parce que l\u2019oc\u00e9an est notre passion et que nous aimons partager de bons moments [&hellip;]\" \/>\n<meta property=\"og:url\" content=\"https:\/\/www.bluerepublic.com\/fr\/qui-nous-sommes\/\" \/>\n<meta property=\"og:site_name\" content=\"BlueRepublic\" \/>\n<meta property=\"article:publisher\" content=\"https:\/\/www.facebook.com\/MrsBlueRepublic\/\" \/>\n<meta property=\"article:modified_time\" content=\"2020-01-31T07:01:22+00:00\" \/>\n<meta property=\"og:image\" content=\"https:\/\/www.bluerepublic.com\/wp-content\/uploads\/2018\/12\/diving-300x200.jpg\" \/>\n<meta name=\"twitter:card\" content=\"summary_large_image\" \/>\n<meta name=\"twitter:label1\" content=\"Est. reading time\">\n\t<meta name=\"twitter:data1\" content=\"1 minute\">\n<script type=\"application\/ld+json\" class=\"yoast-schema-graph\">{\"@context\":\"https:\/\/schema.org\",\"@graph\":[{\"@type\":\"Organization\",\"@id\":\"https:\/\/www.bluerepublic.com\/#organization\",\"name\":\"bluerepublic.com\",\"url\":\"https:\/\/www.bluerepublic.com\/\",\"sameAs\":[\"https:\/\/www.facebook.com\/MrsBlueRepublic\/\"],\"logo\":{\"@type\":\"ImageObject\",\"@id\":\"https:\/\/www.bluerepublic.com\/#logo\",\"inLanguage\":\"fr-FR\",\"url\":\"https:\/\/www.bluerepublic.com\/wp-content\/uploads\/2018\/11\/logoComplete.png\",\"width\":600,\"height\":277,\"caption\":\"bluerepublic.com\"},\"image\":{\"@id\":\"https:\/\/www.bluerepublic.com\/#logo\"}},{\"@type\":\"WebSite\",\"@id\":\"https:\/\/www.bluerepublic.com\/#website\",\"url\":\"https:\/\/www.bluerepublic.com\/\",\"name\":\"BlueRepublic\",\"description\":\"Linked by the Ocean\",\"publisher\":{\"@id\":\"https:\/\/www.bluerepublic.com\/#organization\"},\"potentialAction\":[{\"@type\":\"SearchAction\",\"target\":\"https:\/\/www.bluerepublic.com\/?s={search_term_string}\",\"query-input\":\"required name=search_term_string\"}],\"inLanguage\":\"fr-FR\"},{\"@type\":\"ImageObject\",\"@id\":\"https:\/\/www.bluerepublic.com\/fr\/qui-nous-sommes\/#primaryimage\",\"inLanguage\":\"fr-FR\",\"url\":\"https:\/\/www.bluerepublic.com\/wp-content\/uploads\/2018\/12\/diving.jpg\",\"width\":1536,\"height\":1024},{\"@type\":\"WebPage\",\"@id\":\"https:\/\/www.bluerepublic.com\/fr\/qui-nous-sommes\/#webpage\",\"url\":\"https:\/\/www.bluerepublic.com\/fr\/qui-nous-sommes\/\",\"name\":\"Qui nous sommes - BlueRepublic\",\"isPartOf\":{\"@id\":\"https:\/\/www.bluerepublic.com\/#website\"},\"primaryImageOfPage\":{\"@id\":\"https:\/\/www.bluerepublic.com\/fr\/qui-nous-sommes\/#primaryimage\"},\"datePublished\":\"2018-10-04T17:11:40+00:00\",\"dateModified\":\"2020-01-31T07:01:22+00:00\",\"inLanguage\":\"fr-FR\",\"potentialAction\":[{\"@type\":\"ReadAction\",\"target\":[\"https:\/\/www.bluerepublic.com\/fr\/qui-nous-sommes\/\"]}]}]}<\/script>\n<!-- \/ Yoast SEO plugin. -->","_links":{"self":[{"href":"https:\/\/www.bluerepublic.com\/fr\/wp-json\/wp\/v2\/pages\/1239"}],"collection":[{"href":"https:\/\/www.bluerepublic.com\/fr\/wp-json\/wp\/v2\/pages"}],"about":[{"href":"https:\/\/www.bluerepublic.com\/fr\/wp-json\/wp\/v2\/types\/page"}],"author":[{"embeddable":true,"href":"https:\/\/www.bluerepublic.com\/fr\/wp-json\/wp\/v2\/users\/2"}],"replies":[{"embeddable":true,"href":"https:\/\/www.bluerepublic.com\/fr\/wp-json\/wp\/v2\/comments?post=1239"}],"version-history":[{"count":8,"href":"https:\/\/www.bluerepublic.com\/fr\/wp-json\/wp\/v2\/pages\/1239\/revisions"}],"predecessor-version":[{"id":1856,"href":"https:\/\/www.bluerepublic.com\/fr\/wp-json\/wp\/v2\/pages\/1239\/revisions\/1856"}],"wp:attachment":[{"href":"https:\/\/www.bluerepublic.com\/fr\/wp-json\/wp\/v2\/media?parent=1239"}],"curies":[{"name":"wp","href":"https:\/\/api.w.org\/{rel}","templated":true}]}}